{"id":604,"date":"2024-11-01T16:58:01","date_gmt":"2024-11-01T16:58:01","guid":{"rendered":"https:\/\/dunn-lwa.com\/?post_type=product&#038;p=604"},"modified":"2024-11-08T13:50:46","modified_gmt":"2024-11-08T13:50:46","slug":"al-rayyan-stadium","status":"publish","type":"product","link":"https:\/\/dunn-lwa.com\/es\/producto\/al-rayyan-stadium\/","title":{"rendered":"Ahmed Bin Ali Stadium"},"content":{"rendered":"<p>El primer proyecto ic\u00f3nico completado para la Copa Mundial de la FIFA Qatar 2022, listo para 2020, fue uno de nuestros emprendimientos m\u00e1s complejos. Comenzamos con un equipo multicultural de profesionales, enfrentando los desaf\u00edos de la log\u00edstica y las diferencias culturales. Nuestro \u00e9xito se logr\u00f3 gracias a nuestra capacidad para adaptarnos y redefinir sistemas est\u00e1ndar en soluciones innovadoras. Implementamos una pared temporal de PVC para garantizar el funcionamiento eficiente del sistema de enfriamiento, un techo interior de malla laminada de PTFE para proporcionar una adecuada propagaci\u00f3n de los rayos UV en el campo, y una malla cortavientos para gestionar eficazmente el calor. <\/p>","protected":false},"excerpt":{"rendered":"<p>The first iconic project completed for the Qatar FIFA World Cup 2022, and ready by 2020, was one of our most complex undertakings. We began with a multicultural team of [&hellip;]<\/p>\n","protected":false},"featured_media":680,"comment_status":"closed","ping_status":"closed","template":"","meta":[],"product_brand":[],"product_cat":[16],"product_tag":[],"class_list":{"0":"post-604","1":"product","2":"type-product","3":"status-publish","4":"has-post-thumbnail","6":"product_cat-sin-categorizar","7":"post","8":"post-with-thumbnail","9":"post-with-thumbnail-icon","11":"first","12":"instock","13":"shipping-taxable","14":"product-type-simple"},"_links":{"self":[{"href":"https:\/\/dunn-lwa.com\/es\/wp-json\/wp\/v2\/product\/604","targetHints":{"allow":["GET"]}}],"collection":[{"href":"https:\/\/dunn-lwa.com\/es\/wp-json\/wp\/v2\/product"}],"about":[{"href":"https:\/\/dunn-lwa.com\/es\/wp-json\/wp\/v2\/types\/product"}],"replies":[{"embeddable":true,"href":"https:\/\/dunn-lwa.com\/es\/wp-json\/wp\/v2\/comments?post=604"}],"wp:featuredmedia":[{"embeddable":true,"href":"https:\/\/dunn-lwa.com\/es\/wp-json\/wp\/v2\/media\/680"}],"wp:attachment":[{"href":"https:\/\/dunn-lwa.com\/es\/wp-json\/wp\/v2\/media?parent=604"}],"wp:term":[{"taxonomy":"product_brand","embeddable":true,"href":"https:\/\/dunn-lwa.com\/es\/wp-json\/wp\/v2\/product_brand?post=604"},{"taxonomy":"product_cat","embeddable":true,"href":"https:\/\/dunn-lwa.com\/es\/wp-json\/wp\/v2\/product_cat?post=604"},{"taxonomy":"product_tag","embeddable":true,"href":"https:\/\/dunn-lwa.com\/es\/wp-json\/wp\/v2\/product_tag?post=604"}],"curies":[{"name":"wp","href":"https:\/\/api.w.org\/{rel}","templated":true}]}}