{"id":747,"date":"2024-11-04T18:16:51","date_gmt":"2024-11-04T18:16:51","guid":{"rendered":"https:\/\/dunn-lwa.com\/?post_type=product&#038;p=747"},"modified":"2024-11-06T17:40:42","modified_gmt":"2024-11-06T17:40:42","slug":"paseo-la-fe","status":"publish","type":"product","link":"https:\/\/dunn-lwa.com\/es\/producto\/paseo-la-fe\/","title":{"rendered":"Paseo la Fe"},"content":{"rendered":"<p>Loguer Design, el dise\u00f1ador de la propuesta ganadora del concurso, busc\u00f3 experiencia para la ingenier\u00eda y el c\u00e1lculo estructural de las fachadas y techos del pabell\u00f3n \"Milan 2015 Show\". El desaf\u00edo consist\u00eda en representar hojas de ma\u00edz suspendidas en el aire utilizando una malla ligera y transl\u00facida. El dise\u00f1o logr\u00f3 el efecto de hojas inclinadas, suspendidas a 20 y 30 metros de altura, creando un efecto de superposici\u00f3n. Este dise\u00f1o permiti\u00f3 que el pabell\u00f3n tuviera un exterior transparente durante el d\u00eda, filtrando la luz solar, y se transformara en una c\u00e1lida iluminaci\u00f3n por la noche. Es un testimonio de la artesan\u00eda y el trabajo escult\u00f3rico.<\/p>","protected":false},"excerpt":{"rendered":"<p>Loguer Design, the designer of the competition\u2019s winning proposal, sought expertise for the engineering and structural calculation of the fa\u00e7ades and roofs for the \u201cMilan 2015 Show\u201d pavilion. The challenge [&hellip;]<\/p>\n","protected":false},"featured_media":748,"comment_status":"closed","ping_status":"closed","template":"","meta":[],"product_brand":[],"product_cat":[16],"product_tag":[],"class_list":{"0":"post-747","1":"product","2":"type-product","3":"status-publish","4":"has-post-thumbnail","6":"product_cat-sin-categorizar","7":"post","8":"post-with-thumbnail","9":"post-with-thumbnail-icon","11":"first","12":"instock","13":"shipping-taxable","14":"product-type-simple"},"_links":{"self":[{"href":"https:\/\/dunn-lwa.com\/es\/wp-json\/wp\/v2\/product\/747","targetHints":{"allow":["GET"]}}],"collection":[{"href":"https:\/\/dunn-lwa.com\/es\/wp-json\/wp\/v2\/product"}],"about":[{"href":"https:\/\/dunn-lwa.com\/es\/wp-json\/wp\/v2\/types\/product"}],"replies":[{"embeddable":true,"href":"https:\/\/dunn-lwa.com\/es\/wp-json\/wp\/v2\/comments?post=747"}],"wp:featuredmedia":[{"embeddable":true,"href":"https:\/\/dunn-lwa.com\/es\/wp-json\/wp\/v2\/media\/748"}],"wp:attachment":[{"href":"https:\/\/dunn-lwa.com\/es\/wp-json\/wp\/v2\/media?parent=747"}],"wp:term":[{"taxonomy":"product_brand","embeddable":true,"href":"https:\/\/dunn-lwa.com\/es\/wp-json\/wp\/v2\/product_brand?post=747"},{"taxonomy":"product_cat","embeddable":true,"href":"https:\/\/dunn-lwa.com\/es\/wp-json\/wp\/v2\/product_cat?post=747"},{"taxonomy":"product_tag","embeddable":true,"href":"https:\/\/dunn-lwa.com\/es\/wp-json\/wp\/v2\/product_tag?post=747"}],"curies":[{"name":"wp","href":"https:\/\/api.w.org\/{rel}","templated":true}]}}