{"id":755,"date":"2024-11-04T18:20:07","date_gmt":"2024-11-04T18:20:07","guid":{"rendered":"https:\/\/dunn-lwa.com\/?post_type=product&#038;p=755"},"modified":"2024-11-04T18:25:44","modified_gmt":"2024-11-04T18:25:44","slug":"estadio-cuahutemoc","status":"publish","type":"product","link":"https:\/\/dunn-lwa.com\/es\/producto\/estadio-cuahutemoc\/","title":{"rendered":"Estadio Cuahutemoc"},"content":{"rendered":"<p>La fachada consta de 124 paneles dispuestos aleatoriamente que representan mosaicos de diferentes tonos de azul combinados con blanco, rindiendo homenaje a la artesan\u00eda de la talavera, t\u00edpica de esta regi\u00f3n. Durante el d\u00eda, el exterior del estadio se muestra en su crom\u00e1tica original, y por la noche la fachada se ilumina con diferentes colores mediante iluminaci\u00f3n LED. El Cuauht\u00e9moc es el primer estadio en Am\u00e9rica con una fachada de ETFE.<\/p>","protected":false},"excerpt":{"rendered":"<p>The facade consists of 124 randomly arranged panels representing mosaics of different shades of blue combined with white, paying homage to the talavera craftsmanship, typical of this region. By day [&hellip;]<\/p>\n","protected":false},"featured_media":764,"comment_status":"closed","ping_status":"closed","template":"","meta":[],"product_brand":[],"product_cat":[16],"product_tag":[],"class_list":{"0":"post-755","1":"product","2":"type-product","3":"status-publish","4":"has-post-thumbnail","6":"product_cat-sin-categorizar","7":"post","8":"post-with-thumbnail","9":"post-with-thumbnail-icon","11":"first","12":"instock","13":"shipping-taxable","14":"product-type-simple"},"_links":{"self":[{"href":"https:\/\/dunn-lwa.com\/es\/wp-json\/wp\/v2\/product\/755","targetHints":{"allow":["GET"]}}],"collection":[{"href":"https:\/\/dunn-lwa.com\/es\/wp-json\/wp\/v2\/product"}],"about":[{"href":"https:\/\/dunn-lwa.com\/es\/wp-json\/wp\/v2\/types\/product"}],"replies":[{"embeddable":true,"href":"https:\/\/dunn-lwa.com\/es\/wp-json\/wp\/v2\/comments?post=755"}],"wp:featuredmedia":[{"embeddable":true,"href":"https:\/\/dunn-lwa.com\/es\/wp-json\/wp\/v2\/media\/764"}],"wp:attachment":[{"href":"https:\/\/dunn-lwa.com\/es\/wp-json\/wp\/v2\/media?parent=755"}],"wp:term":[{"taxonomy":"product_brand","embeddable":true,"href":"https:\/\/dunn-lwa.com\/es\/wp-json\/wp\/v2\/product_brand?post=755"},{"taxonomy":"product_cat","embeddable":true,"href":"https:\/\/dunn-lwa.com\/es\/wp-json\/wp\/v2\/product_cat?post=755"},{"taxonomy":"product_tag","embeddable":true,"href":"https:\/\/dunn-lwa.com\/es\/wp-json\/wp\/v2\/product_tag?post=755"}],"curies":[{"name":"wp","href":"https:\/\/api.w.org\/{rel}","templated":true}]}}