{"id":766,"date":"2024-11-05T13:50:19","date_gmt":"2024-11-05T13:50:19","guid":{"rendered":"https:\/\/dunn-lwa.com\/?post_type=product&#038;p=766"},"modified":"2024-11-06T17:42:04","modified_gmt":"2024-11-06T17:42:04","slug":"iihs-insurance-institute-for-highway-safety","status":"publish","type":"product","link":"https:\/\/dunn-lwa.com\/es\/producto\/iihs-insurance-institute-for-highway-safety\/","title":{"rendered":"IIHS &#8211; Insurance Institute for Highway Safety"},"content":{"rendered":"<p>Construida con un arco central m\u00e1s alto, la estructura abarca m\u00e1s de 30,000 m\u00b2, apoyada por tres arcos m\u00e1s peque\u00f1os que se extienden a cada lado. El material transl\u00facido utilizado para el proyecto fue dise\u00f1ado espec\u00edficamente para satisfacer las necesidades de pruebas automotrices al aire libre durante todo el a\u00f1o, independientemente de las condiciones invernales o lluviosas en Virginia. Inspirado en el entorno natural de Ruckersville, el dise\u00f1o evoca un paisaje de monta\u00f1as blancas rodeadas de \u00e1rboles, ofreciendo protecci\u00f3n frente a diversos eventos clim\u00e1ticos.<\/p>","protected":false},"excerpt":{"rendered":"<p>Constructed with a central highest arch, the structure spans over 30,000 m\u00b2, supported by three smaller arches extending on each side. The translucent material used for the project was specifically [&hellip;]<\/p>\n","protected":false},"featured_media":772,"comment_status":"closed","ping_status":"closed","template":"","meta":[],"product_brand":[],"product_cat":[16],"product_tag":[],"class_list":{"0":"post-766","1":"product","2":"type-product","3":"status-publish","4":"has-post-thumbnail","6":"product_cat-sin-categorizar","7":"post","8":"post-with-thumbnail","9":"post-with-thumbnail-icon","11":"first","12":"instock","13":"shipping-taxable","14":"product-type-simple"},"_links":{"self":[{"href":"https:\/\/dunn-lwa.com\/es\/wp-json\/wp\/v2\/product\/766","targetHints":{"allow":["GET"]}}],"collection":[{"href":"https:\/\/dunn-lwa.com\/es\/wp-json\/wp\/v2\/product"}],"about":[{"href":"https:\/\/dunn-lwa.com\/es\/wp-json\/wp\/v2\/types\/product"}],"replies":[{"embeddable":true,"href":"https:\/\/dunn-lwa.com\/es\/wp-json\/wp\/v2\/comments?post=766"}],"wp:featuredmedia":[{"embeddable":true,"href":"https:\/\/dunn-lwa.com\/es\/wp-json\/wp\/v2\/media\/772"}],"wp:attachment":[{"href":"https:\/\/dunn-lwa.com\/es\/wp-json\/wp\/v2\/media?parent=766"}],"wp:term":[{"taxonomy":"product_brand","embeddable":true,"href":"https:\/\/dunn-lwa.com\/es\/wp-json\/wp\/v2\/product_brand?post=766"},{"taxonomy":"product_cat","embeddable":true,"href":"https:\/\/dunn-lwa.com\/es\/wp-json\/wp\/v2\/product_cat?post=766"},{"taxonomy":"product_tag","embeddable":true,"href":"https:\/\/dunn-lwa.com\/es\/wp-json\/wp\/v2\/product_tag?post=766"}],"curies":[{"name":"wp","href":"https:\/\/api.w.org\/{rel}","templated":true}]}}