{"id":775,"date":"2024-11-05T13:54:11","date_gmt":"2024-11-05T13:54:11","guid":{"rendered":"https:\/\/dunn-lwa.com\/?post_type=product&#038;p=775"},"modified":"2024-11-05T13:56:22","modified_gmt":"2024-11-05T13:56:22","slug":"universidad-autonoma-de-occidente","status":"publish","type":"product","link":"https:\/\/dunn-lwa.com\/es\/producto\/universidad-autonoma-de-occidente\/","title":{"rendered":"Universidad Aut\u00f3noma de Occidente"},"content":{"rendered":"<p>Con 28 cojines ligeros de ETFE, cada uno con un promedio de 62 m\u00b2, este proyecto en la Universidad Aut\u00f3noma de Occidente en Cali, Colombia, fue dise\u00f1ado para crear un espacio vers\u00e1til para eventos acad\u00e9micos, conferencias y reuniones estudiantiles. La estructura combina transparencia con \u00e1reas sombreadas para mayor comodidad, utilizando puntos impresos en la capa inferior de los cojines para proporcionar sombra adicional. A pesar de los retrasos log\u00edsticos significativos causados por la pandemia, el equipo logr\u00f3 fabricar los cojines en M\u00e9xico y completar la instalaci\u00f3n en Colombia en 30 d\u00edas, demostrando resiliencia y precisi\u00f3n.<\/p>","protected":false},"excerpt":{"rendered":"<p>Featuring 28 lightweight ETFE cushions, each averaging 62 m\u00b2, this project at the Universidad Aut\u00f3noma de Occidente in Cali, Colombia, was designed to create a versatile space for academic events, [&hellip;]<\/p>\n","protected":false},"featured_media":779,"comment_status":"closed","ping_status":"closed","template":"","meta":[],"product_brand":[],"product_cat":[16],"product_tag":[],"class_list":{"0":"post-775","1":"product","2":"type-product","3":"status-publish","4":"has-post-thumbnail","6":"product_cat-sin-categorizar","7":"post","8":"post-with-thumbnail","9":"post-with-thumbnail-icon","11":"first","12":"instock","13":"shipping-taxable","14":"product-type-simple"},"_links":{"self":[{"href":"https:\/\/dunn-lwa.com\/es\/wp-json\/wp\/v2\/product\/775","targetHints":{"allow":["GET"]}}],"collection":[{"href":"https:\/\/dunn-lwa.com\/es\/wp-json\/wp\/v2\/product"}],"about":[{"href":"https:\/\/dunn-lwa.com\/es\/wp-json\/wp\/v2\/types\/product"}],"replies":[{"embeddable":true,"href":"https:\/\/dunn-lwa.com\/es\/wp-json\/wp\/v2\/comments?post=775"}],"wp:featuredmedia":[{"embeddable":true,"href":"https:\/\/dunn-lwa.com\/es\/wp-json\/wp\/v2\/media\/779"}],"wp:attachment":[{"href":"https:\/\/dunn-lwa.com\/es\/wp-json\/wp\/v2\/media?parent=775"}],"wp:term":[{"taxonomy":"product_brand","embeddable":true,"href":"https:\/\/dunn-lwa.com\/es\/wp-json\/wp\/v2\/product_brand?post=775"},{"taxonomy":"product_cat","embeddable":true,"href":"https:\/\/dunn-lwa.com\/es\/wp-json\/wp\/v2\/product_cat?post=775"},{"taxonomy":"product_tag","embeddable":true,"href":"https:\/\/dunn-lwa.com\/es\/wp-json\/wp\/v2\/product_tag?post=775"}],"curies":[{"name":"wp","href":"https:\/\/api.w.org\/{rel}","templated":true}]}}