{"id":781,"date":"2024-11-05T13:57:14","date_gmt":"2024-11-05T13:57:14","guid":{"rendered":"https:\/\/dunn-lwa.com\/?post_type=product&#038;p=781"},"modified":"2024-11-05T13:58:51","modified_gmt":"2024-11-05T13:58:51","slug":"sprint-pavillion","status":"publish","type":"product","link":"https:\/\/dunn-lwa.com\/es\/producto\/sprint-pavillion\/","title":{"rendered":"Sprint Pavillion"},"content":{"rendered":"<p>En 2020, el cliente solicit\u00f3 el reemplazo de la tela instalada en 2005. Llevamos a cabo el reemplazo, mejorando la geometr\u00eda y los detalles originales. Utilizamos una tela especial de Ferrari, con una capa superior blanca y una capa inferior negra con propiedades de opacidad para el \u00e1rea del escenario. Para el \u00e1rea de asientos, seleccionamos una tela de PVC de alta translucidez, brindando una experiencia muy c\u00f3moda para el usuario final.<\/p>","protected":false},"excerpt":{"rendered":"<p>In 2020, the client requested the replacement of the fabric installed in 2005. We carried out the replacement, enhancing the original geometry and details. We used a special fabric from [&hellip;]<\/p>\n","protected":false},"featured_media":783,"comment_status":"closed","ping_status":"closed","template":"","meta":[],"product_brand":[],"product_cat":[16],"product_tag":[],"class_list":{"0":"post-781","1":"product","2":"type-product","3":"status-publish","4":"has-post-thumbnail","6":"product_cat-sin-categorizar","7":"post","8":"post-with-thumbnail","9":"post-with-thumbnail-icon","11":"first","12":"instock","13":"shipping-taxable","14":"product-type-simple"},"_links":{"self":[{"href":"https:\/\/dunn-lwa.com\/es\/wp-json\/wp\/v2\/product\/781","targetHints":{"allow":["GET"]}}],"collection":[{"href":"https:\/\/dunn-lwa.com\/es\/wp-json\/wp\/v2\/product"}],"about":[{"href":"https:\/\/dunn-lwa.com\/es\/wp-json\/wp\/v2\/types\/product"}],"replies":[{"embeddable":true,"href":"https:\/\/dunn-lwa.com\/es\/wp-json\/wp\/v2\/comments?post=781"}],"wp:featuredmedia":[{"embeddable":true,"href":"https:\/\/dunn-lwa.com\/es\/wp-json\/wp\/v2\/media\/783"}],"wp:attachment":[{"href":"https:\/\/dunn-lwa.com\/es\/wp-json\/wp\/v2\/media?parent=781"}],"wp:term":[{"taxonomy":"product_brand","embeddable":true,"href":"https:\/\/dunn-lwa.com\/es\/wp-json\/wp\/v2\/product_brand?post=781"},{"taxonomy":"product_cat","embeddable":true,"href":"https:\/\/dunn-lwa.com\/es\/wp-json\/wp\/v2\/product_cat?post=781"},{"taxonomy":"product_tag","embeddable":true,"href":"https:\/\/dunn-lwa.com\/es\/wp-json\/wp\/v2\/product_tag?post=781"}],"curies":[{"name":"wp","href":"https:\/\/api.w.org\/{rel}","templated":true}]}}