{"id":784,"date":"2024-11-05T13:59:21","date_gmt":"2024-11-05T13:59:21","guid":{"rendered":"https:\/\/dunn-lwa.com\/?post_type=product&#038;p=784"},"modified":"2024-11-05T14:00:34","modified_gmt":"2024-11-05T14:00:34","slug":"metro-linea-2","status":"publish","type":"product","link":"https:\/\/dunn-lwa.com\/es\/producto\/metro-linea-2\/","title":{"rendered":"Metro Linea 2"},"content":{"rendered":"<p>El gobierno paname\u00f1o nos encarg\u00f3 cubrir el \u00e1rea de transici\u00f3n entre la estaci\u00f3n final del metro y la estaci\u00f3n de autobuses. Esta extensi\u00f3n est\u00e1 dise\u00f1ada para acomodar a m\u00e1s de 400,000 personas al d\u00eda en un entorno de selva tropical lluvioso. Desarrollamos una soluci\u00f3n utilizando PVC Ferrari TX30 para soportar las exigentes condiciones clim\u00e1ticas y la intensa contaminaci\u00f3n de la zona.<\/p>","protected":false},"excerpt":{"rendered":"<p>The Panamanian government commissioned us to cover the transition area between the metro final station and the bus station. This extension is designed to accommodate over 400,000 people per day [&hellip;]<\/p>\n","protected":false},"featured_media":785,"comment_status":"closed","ping_status":"closed","template":"","meta":[],"product_brand":[],"product_cat":[16],"product_tag":[],"class_list":{"0":"post-784","1":"product","2":"type-product","3":"status-publish","4":"has-post-thumbnail","6":"product_cat-sin-categorizar","7":"post","8":"post-with-thumbnail","9":"post-with-thumbnail-icon","11":"first","12":"instock","13":"shipping-taxable","14":"product-type-simple"},"_links":{"self":[{"href":"https:\/\/dunn-lwa.com\/es\/wp-json\/wp\/v2\/product\/784","targetHints":{"allow":["GET"]}}],"collection":[{"href":"https:\/\/dunn-lwa.com\/es\/wp-json\/wp\/v2\/product"}],"about":[{"href":"https:\/\/dunn-lwa.com\/es\/wp-json\/wp\/v2\/types\/product"}],"replies":[{"embeddable":true,"href":"https:\/\/dunn-lwa.com\/es\/wp-json\/wp\/v2\/comments?post=784"}],"wp:featuredmedia":[{"embeddable":true,"href":"https:\/\/dunn-lwa.com\/es\/wp-json\/wp\/v2\/media\/785"}],"wp:attachment":[{"href":"https:\/\/dunn-lwa.com\/es\/wp-json\/wp\/v2\/media?parent=784"}],"wp:term":[{"taxonomy":"product_brand","embeddable":true,"href":"https:\/\/dunn-lwa.com\/es\/wp-json\/wp\/v2\/product_brand?post=784"},{"taxonomy":"product_cat","embeddable":true,"href":"https:\/\/dunn-lwa.com\/es\/wp-json\/wp\/v2\/product_cat?post=784"},{"taxonomy":"product_tag","embeddable":true,"href":"https:\/\/dunn-lwa.com\/es\/wp-json\/wp\/v2\/product_tag?post=784"}],"curies":[{"name":"wp","href":"https:\/\/api.w.org\/{rel}","templated":true}]}}