{"id":789,"date":"2024-11-05T14:01:33","date_gmt":"2024-11-05T14:01:33","guid":{"rendered":"https:\/\/dunn-lwa.com\/?post_type=product&#038;p=789"},"modified":"2024-11-05T14:03:58","modified_gmt":"2024-11-05T14:03:58","slug":"la-hoja-tec-de-mty","status":"publish","type":"product","link":"https:\/\/dunn-lwa.com\/es\/producto\/la-hoja-tec-de-mty\/","title":{"rendered":"La Hoja TEC de Mty"},"content":{"rendered":"<p>Para la ampliaci\u00f3n de la nueva biblioteca en el campus principal del Tec de Monterrey, el cliente se asoci\u00f3 con el renombrado arquitecto Francisco Gonz\u00e1lez Pulido, un exalumno, para crear un dise\u00f1o ic\u00f3nico que encerrara el atrio principal. Recomendamos utilizar una sola capa de ETFE para lograr transparencia y una est\u00e9tica m\u00e1s limpia. El arquitecto propuso un dise\u00f1o de hoja que se imprimi\u00f3 de manera que proporcionara sombra en \u00e1reas clave. El resultado final habla por s\u00ed mismo.<\/p>","protected":false},"excerpt":{"rendered":"<p>For the expansion of the new library on the main campus of Tec de Monterrey, the client teamed up with renowned architect Francisco Gonz\u00e1lez Pulido, a former student, to create [&hellip;]<\/p>\n","protected":false},"featured_media":792,"comment_status":"closed","ping_status":"closed","template":"","meta":[],"product_brand":[],"product_cat":[16],"product_tag":[],"class_list":{"0":"post-789","1":"product","2":"type-product","3":"status-publish","4":"has-post-thumbnail","6":"product_cat-sin-categorizar","7":"post","8":"post-with-thumbnail","9":"post-with-thumbnail-icon","11":"first","12":"instock","13":"shipping-taxable","14":"product-type-simple"},"_links":{"self":[{"href":"https:\/\/dunn-lwa.com\/es\/wp-json\/wp\/v2\/product\/789","targetHints":{"allow":["GET"]}}],"collection":[{"href":"https:\/\/dunn-lwa.com\/es\/wp-json\/wp\/v2\/product"}],"about":[{"href":"https:\/\/dunn-lwa.com\/es\/wp-json\/wp\/v2\/types\/product"}],"replies":[{"embeddable":true,"href":"https:\/\/dunn-lwa.com\/es\/wp-json\/wp\/v2\/comments?post=789"}],"wp:featuredmedia":[{"embeddable":true,"href":"https:\/\/dunn-lwa.com\/es\/wp-json\/wp\/v2\/media\/792"}],"wp:attachment":[{"href":"https:\/\/dunn-lwa.com\/es\/wp-json\/wp\/v2\/media?parent=789"}],"wp:term":[{"taxonomy":"product_brand","embeddable":true,"href":"https:\/\/dunn-lwa.com\/es\/wp-json\/wp\/v2\/product_brand?post=789"},{"taxonomy":"product_cat","embeddable":true,"href":"https:\/\/dunn-lwa.com\/es\/wp-json\/wp\/v2\/product_cat?post=789"},{"taxonomy":"product_tag","embeddable":true,"href":"https:\/\/dunn-lwa.com\/es\/wp-json\/wp\/v2\/product_tag?post=789"}],"curies":[{"name":"wp","href":"https:\/\/api.w.org\/{rel}","templated":true}]}}