{"id":795,"date":"2024-11-05T14:04:04","date_gmt":"2024-11-05T14:04:04","guid":{"rendered":"https:\/\/dunn-lwa.com\/?post_type=product&#038;p=795"},"modified":"2024-11-05T14:08:57","modified_gmt":"2024-11-05T14:08:57","slug":"weidner-field","status":"publish","type":"product","link":"https:\/\/dunn-lwa.com\/es\/producto\/weidner-field\/","title":{"rendered":"Weidner Field"},"content":{"rendered":"<p>La franquicia Colorado Springs Switchbacks FC, que juega en el USL Championship, desarroll\u00f3 un plan para un estadio de \u00faltima generaci\u00f3n. Este estadio multifuncional se ha convertido en un lugar exitoso para la zona. Nos contactaron para dise\u00f1ar marquesinas para el \u00e1rea de asientos, de manera que no obstruyeran la visibilidad de ninguna \u00e1rea perif\u00e9rica del estadio. Se proporcion\u00f3 un c\u00f3digo de construcci\u00f3n muy estricto para garantizar que la estructura pudiera soportar las cargas de nieve m\u00e1s pesadas posibles.<\/p>","protected":false},"excerpt":{"rendered":"<p>The Colorado Springs Switchbacks FC franchise, which plays in the USL Championship, developed a plan for a state-of-the-art stadium. This multifunctional bowl has become a successful venue for the area. [&hellip;]<\/p>\n","protected":false},"featured_media":809,"comment_status":"closed","ping_status":"closed","template":"","meta":[],"product_brand":[],"product_cat":[16],"product_tag":[],"class_list":{"0":"post-795","1":"product","2":"type-product","3":"status-publish","4":"has-post-thumbnail","6":"product_cat-sin-categorizar","7":"post","8":"post-with-thumbnail","9":"post-with-thumbnail-icon","11":"first","12":"instock","13":"shipping-taxable","14":"product-type-simple"},"_links":{"self":[{"href":"https:\/\/dunn-lwa.com\/es\/wp-json\/wp\/v2\/product\/795","targetHints":{"allow":["GET"]}}],"collection":[{"href":"https:\/\/dunn-lwa.com\/es\/wp-json\/wp\/v2\/product"}],"about":[{"href":"https:\/\/dunn-lwa.com\/es\/wp-json\/wp\/v2\/types\/product"}],"replies":[{"embeddable":true,"href":"https:\/\/dunn-lwa.com\/es\/wp-json\/wp\/v2\/comments?post=795"}],"wp:featuredmedia":[{"embeddable":true,"href":"https:\/\/dunn-lwa.com\/es\/wp-json\/wp\/v2\/media\/809"}],"wp:attachment":[{"href":"https:\/\/dunn-lwa.com\/es\/wp-json\/wp\/v2\/media?parent=795"}],"wp:term":[{"taxonomy":"product_brand","embeddable":true,"href":"https:\/\/dunn-lwa.com\/es\/wp-json\/wp\/v2\/product_brand?post=795"},{"taxonomy":"product_cat","embeddable":true,"href":"https:\/\/dunn-lwa.com\/es\/wp-json\/wp\/v2\/product_cat?post=795"},{"taxonomy":"product_tag","embeddable":true,"href":"https:\/\/dunn-lwa.com\/es\/wp-json\/wp\/v2\/product_tag?post=795"}],"curies":[{"name":"wp","href":"https:\/\/api.w.org\/{rel}","templated":true}]}}