{"id":811,"date":"2024-11-05T14:14:23","date_gmt":"2024-11-05T14:14:23","guid":{"rendered":"https:\/\/dunn-lwa.com\/?post_type=product&#038;p=811"},"modified":"2024-11-05T14:20:11","modified_gmt":"2024-11-05T14:20:11","slug":"kraken-stadium","status":"publish","type":"product","link":"https:\/\/dunn-lwa.com\/es\/producto\/kraken-stadium\/","title":{"rendered":"Kraken Stadium"},"content":{"rendered":"<p>Iniciado en 2017 y finalizado en 2020, se nos adjudic\u00f3 el proyecto de dise\u00f1o y construcci\u00f3n. El cliente solicit\u00f3 una tribuna para 25,000 espectadores y un campo que cumpliera con las regulaciones de la FIFA. Nos asociamos con un contratista general local para desarrollar y construir el estadio. El techo est\u00e1 dise\u00f1ado para convertirse en una fachada, simulando una ola para reflejar nuestra ubicaci\u00f3n costera. La estructura es capaz de resistir un hurac\u00e1n de categor\u00eda 4.<\/p>","protected":false},"excerpt":{"rendered":"<p>Started in 2017 and finished in 2020, we were awarded the design-build project. The client requested a grandstand for 25,000 spectators and a field that meets FIFA regulations. We teamed [&hellip;]<\/p>\n","protected":false},"featured_media":822,"comment_status":"closed","ping_status":"closed","template":"","meta":[],"product_brand":[],"product_cat":[16],"product_tag":[],"class_list":{"0":"post-811","1":"product","2":"type-product","3":"status-publish","4":"has-post-thumbnail","6":"product_cat-sin-categorizar","7":"post","8":"post-with-thumbnail","9":"post-with-thumbnail-icon","11":"first","12":"instock","13":"shipping-taxable","14":"product-type-simple"},"_links":{"self":[{"href":"https:\/\/dunn-lwa.com\/es\/wp-json\/wp\/v2\/product\/811","targetHints":{"allow":["GET"]}}],"collection":[{"href":"https:\/\/dunn-lwa.com\/es\/wp-json\/wp\/v2\/product"}],"about":[{"href":"https:\/\/dunn-lwa.com\/es\/wp-json\/wp\/v2\/types\/product"}],"replies":[{"embeddable":true,"href":"https:\/\/dunn-lwa.com\/es\/wp-json\/wp\/v2\/comments?post=811"}],"wp:featuredmedia":[{"embeddable":true,"href":"https:\/\/dunn-lwa.com\/es\/wp-json\/wp\/v2\/media\/822"}],"wp:attachment":[{"href":"https:\/\/dunn-lwa.com\/es\/wp-json\/wp\/v2\/media?parent=811"}],"wp:term":[{"taxonomy":"product_brand","embeddable":true,"href":"https:\/\/dunn-lwa.com\/es\/wp-json\/wp\/v2\/product_brand?post=811"},{"taxonomy":"product_cat","embeddable":true,"href":"https:\/\/dunn-lwa.com\/es\/wp-json\/wp\/v2\/product_cat?post=811"},{"taxonomy":"product_tag","embeddable":true,"href":"https:\/\/dunn-lwa.com\/es\/wp-json\/wp\/v2\/product_tag?post=811"}],"curies":[{"name":"wp","href":"https:\/\/api.w.org\/{rel}","templated":true}]}}