{"id":825,"date":"2024-11-05T14:20:56","date_gmt":"2024-11-05T14:20:56","guid":{"rendered":"https:\/\/dunn-lwa.com\/?post_type=product&#038;p=825"},"modified":"2024-11-06T17:09:14","modified_gmt":"2024-11-06T17:09:14","slug":"miami-port","status":"publish","type":"product","link":"https:\/\/dunn-lwa.com\/es\/producto\/miami-port\/","title":{"rendered":"Miami Port"},"content":{"rendered":"<p>El proyecto del Carnaval de Miami cuenta con seis zonas, o bah\u00edas, cubiertas por m\u00e1s de 120 paneles, abarcando 8,420 metros cuadrados. Utilizando PTFE por su flexibilidad y durabilidad, el dise\u00f1o mejora las \u00e1reas de paso del personal en el puerto de Miami con un atractivo est\u00e9tico y una eficiencia funcional. A pesar de los desaf\u00edos de trabajar en un entorno post-pandemia, coordinar con otras disciplinas y lidiar con las condiciones clim\u00e1ticas, el equipo instal\u00f3 exitosamente la estructura. El resultado es una soluci\u00f3n confiable y visualmente impactante que integra forma y funci\u00f3n de manera perfecta.<\/p>","protected":false},"excerpt":{"rendered":"<p>The Miami Carnaval project features six zones, or bays, covered by over 120 panels, spanning 8,420 square meters. Utilizing PTFE for its flexibility and durability, the design enhances the personnel [&hellip;]<\/p>\n","protected":false},"featured_media":1002,"comment_status":"closed","ping_status":"closed","template":"","meta":[],"product_brand":[],"product_cat":[16],"product_tag":[],"class_list":{"0":"post-825","1":"product","2":"type-product","3":"status-publish","4":"has-post-thumbnail","6":"product_cat-sin-categorizar","7":"post","8":"post-with-thumbnail","9":"post-with-thumbnail-icon","11":"first","12":"instock","13":"shipping-taxable","14":"product-type-simple"},"_links":{"self":[{"href":"https:\/\/dunn-lwa.com\/es\/wp-json\/wp\/v2\/product\/825","targetHints":{"allow":["GET"]}}],"collection":[{"href":"https:\/\/dunn-lwa.com\/es\/wp-json\/wp\/v2\/product"}],"about":[{"href":"https:\/\/dunn-lwa.com\/es\/wp-json\/wp\/v2\/types\/product"}],"replies":[{"embeddable":true,"href":"https:\/\/dunn-lwa.com\/es\/wp-json\/wp\/v2\/comments?post=825"}],"wp:featuredmedia":[{"embeddable":true,"href":"https:\/\/dunn-lwa.com\/es\/wp-json\/wp\/v2\/media\/1002"}],"wp:attachment":[{"href":"https:\/\/dunn-lwa.com\/es\/wp-json\/wp\/v2\/media?parent=825"}],"wp:term":[{"taxonomy":"product_brand","embeddable":true,"href":"https:\/\/dunn-lwa.com\/es\/wp-json\/wp\/v2\/product_brand?post=825"},{"taxonomy":"product_cat","embeddable":true,"href":"https:\/\/dunn-lwa.com\/es\/wp-json\/wp\/v2\/product_cat?post=825"},{"taxonomy":"product_tag","embeddable":true,"href":"https:\/\/dunn-lwa.com\/es\/wp-json\/wp\/v2\/product_tag?post=825"}],"curies":[{"name":"wp","href":"https:\/\/api.w.org\/{rel}","templated":true}]}}