{"id":837,"date":"2024-11-05T14:24:56","date_gmt":"2024-11-05T14:24:56","guid":{"rendered":"https:\/\/dunn-lwa.com\/?post_type=product&#038;p=837"},"modified":"2024-11-05T17:15:39","modified_gmt":"2024-11-05T17:15:39","slug":"estadio-dorados","status":"publish","type":"product","link":"https:\/\/dunn-lwa.com\/es\/producto\/estadio-dorados\/","title":{"rendered":"Estadio Dorados"},"content":{"rendered":"<p>Cuando Diego Armando Maradona asumi\u00f3 el rol de entrenador de Dorados FC, la ciudad invirti\u00f3 en la remodelaci\u00f3n de las instalaciones del equipo. Sugerimos al cliente una nueva fachada, que evoluciona hacia un peque\u00f1o dosel. Abrazamos el antiguo edificio con elementos de tubos de acero entrelazados, formando secciones cerradas que est\u00e1n cubiertas de manera aleatoria con una malla especial en los colores del equipo.<\/p>","protected":false},"excerpt":{"rendered":"<p>As Diego Armando Maradona took on the role of coach for Dorados FC, the city invested in refurbishing the team\u2019s facilities. We encouraged the client for a new facade, which [&hellip;]<\/p>\n","protected":false},"featured_media":859,"comment_status":"closed","ping_status":"closed","template":"","meta":[],"product_brand":[],"product_cat":[16],"product_tag":[],"class_list":{"0":"post-837","1":"product","2":"type-product","3":"status-publish","4":"has-post-thumbnail","6":"product_cat-sin-categorizar","7":"post","8":"post-with-thumbnail","9":"post-with-thumbnail-icon","11":"first","12":"instock","13":"shipping-taxable","14":"product-type-simple"},"_links":{"self":[{"href":"https:\/\/dunn-lwa.com\/es\/wp-json\/wp\/v2\/product\/837","targetHints":{"allow":["GET"]}}],"collection":[{"href":"https:\/\/dunn-lwa.com\/es\/wp-json\/wp\/v2\/product"}],"about":[{"href":"https:\/\/dunn-lwa.com\/es\/wp-json\/wp\/v2\/types\/product"}],"replies":[{"embeddable":true,"href":"https:\/\/dunn-lwa.com\/es\/wp-json\/wp\/v2\/comments?post=837"}],"wp:featuredmedia":[{"embeddable":true,"href":"https:\/\/dunn-lwa.com\/es\/wp-json\/wp\/v2\/media\/859"}],"wp:attachment":[{"href":"https:\/\/dunn-lwa.com\/es\/wp-json\/wp\/v2\/media?parent=837"}],"wp:term":[{"taxonomy":"product_brand","embeddable":true,"href":"https:\/\/dunn-lwa.com\/es\/wp-json\/wp\/v2\/product_brand?post=837"},{"taxonomy":"product_cat","embeddable":true,"href":"https:\/\/dunn-lwa.com\/es\/wp-json\/wp\/v2\/product_cat?post=837"},{"taxonomy":"product_tag","embeddable":true,"href":"https:\/\/dunn-lwa.com\/es\/wp-json\/wp\/v2\/product_tag?post=837"}],"curies":[{"name":"wp","href":"https:\/\/api.w.org\/{rel}","templated":true}]}}