{"id":860,"date":"2024-11-05T14:30:35","date_gmt":"2024-11-05T14:30:35","guid":{"rendered":"https:\/\/dunn-lwa.com\/?post_type=product&#038;p=860"},"modified":"2024-11-05T14:32:53","modified_gmt":"2024-11-05T14:32:53","slug":"el-toreo","status":"publish","type":"product","link":"https:\/\/dunn-lwa.com\/es\/producto\/el-toreo\/","title":{"rendered":"El Toreo"},"content":{"rendered":"<p>Dise\u00f1amos y desarrollamos una c\u00fapula automatizada ligera de ETFE, que ofrece una impresionante exhibici\u00f3n de efectos visuales mientras se priorizan la seguridad y la coordinaci\u00f3n. Esta c\u00fapula de 20,000 m\u00b2 (216,000 pies\u00b2), ubicada sobre un techo de vidrio existente, presenta una semiesfera de 60 metros de di\u00e1metro compuesta por tri\u00e1ngulos automatizados de forma independiente. Estos paneles est\u00e1n programados para abrirse y cerrarse seg\u00fan lo desee el operador, proporcionando un ambiente al aire libre a uno de los centros comerciales m\u00e1s importantes de M\u00e9xico. Dise\u00f1ada por la reconocida firma mexicana de arquitectura Sordo Madaleno, esta es ahora la cubierta automatizada m\u00e1s grande de Am\u00e9rica Latina.<\/p>","protected":false},"excerpt":{"rendered":"<p>We designed and developed a lightweight ETFE automated dome, offering a stunning visual effects display while prioritizing safety and coordination. This 20,000m\u00b2 (216,000ft\u00b2) dome, positioned atop an existing glass roof, [&hellip;]<\/p>\n","protected":false},"featured_media":862,"comment_status":"closed","ping_status":"closed","template":"","meta":[],"product_brand":[],"product_cat":[16],"product_tag":[],"class_list":{"0":"post-860","1":"product","2":"type-product","3":"status-publish","4":"has-post-thumbnail","6":"product_cat-sin-categorizar","7":"post","8":"post-with-thumbnail","9":"post-with-thumbnail-icon","11":"first","12":"instock","13":"shipping-taxable","14":"product-type-simple"},"_links":{"self":[{"href":"https:\/\/dunn-lwa.com\/es\/wp-json\/wp\/v2\/product\/860","targetHints":{"allow":["GET"]}}],"collection":[{"href":"https:\/\/dunn-lwa.com\/es\/wp-json\/wp\/v2\/product"}],"about":[{"href":"https:\/\/dunn-lwa.com\/es\/wp-json\/wp\/v2\/types\/product"}],"replies":[{"embeddable":true,"href":"https:\/\/dunn-lwa.com\/es\/wp-json\/wp\/v2\/comments?post=860"}],"wp:featuredmedia":[{"embeddable":true,"href":"https:\/\/dunn-lwa.com\/es\/wp-json\/wp\/v2\/media\/862"}],"wp:attachment":[{"href":"https:\/\/dunn-lwa.com\/es\/wp-json\/wp\/v2\/media?parent=860"}],"wp:term":[{"taxonomy":"product_brand","embeddable":true,"href":"https:\/\/dunn-lwa.com\/es\/wp-json\/wp\/v2\/product_brand?post=860"},{"taxonomy":"product_cat","embeddable":true,"href":"https:\/\/dunn-lwa.com\/es\/wp-json\/wp\/v2\/product_cat?post=860"},{"taxonomy":"product_tag","embeddable":true,"href":"https:\/\/dunn-lwa.com\/es\/wp-json\/wp\/v2\/product_tag?post=860"}],"curies":[{"name":"wp","href":"https:\/\/api.w.org\/{rel}","templated":true}]}}