{"id":871,"date":"2024-11-05T14:33:57","date_gmt":"2024-11-05T14:33:57","guid":{"rendered":"https:\/\/dunn-lwa.com\/?post_type=product&#038;p=871"},"modified":"2024-11-08T13:48:15","modified_gmt":"2024-11-08T13:48:15","slug":"universidad-panamericana","status":"publish","type":"product","link":"https:\/\/dunn-lwa.com\/es\/producto\/universidad-panamericana\/","title":{"rendered":"Universidad Panamericana"},"content":{"rendered":"<p>\u00c1reas abiertas y la remodelaci\u00f3n de edificios fueron las solicitudes del cliente. Sugerimos al cliente utilizar malla de PVC para la fachada. El campus de la Universidad Panamericana en Guadalajara es una de las universidades m\u00e1s importantes del pa\u00eds, por lo que el concepto era crear un dise\u00f1o ic\u00f3nico y llamativo. Para las \u00e1reas abiertas, el objetivo era brindar a los estudiantes un lugar para reunirse y estudiar dentro de los hermosos jardines del campus.<\/p>","protected":false},"excerpt":{"rendered":"<p>Open areas and refurbishing buildings were the client\u2019s requests. We encouraged the client to use PVC mesh for the facade. The Universidad Panamericana campus in Guadalajara is one of the [&hellip;]<\/p>\n","protected":false},"featured_media":876,"comment_status":"closed","ping_status":"closed","template":"","meta":[],"product_brand":[],"product_cat":[16],"product_tag":[],"class_list":{"0":"post-871","1":"product","2":"type-product","3":"status-publish","4":"has-post-thumbnail","6":"product_cat-sin-categorizar","7":"post","8":"post-with-thumbnail","9":"post-with-thumbnail-icon","11":"first","12":"instock","13":"shipping-taxable","14":"product-type-simple"},"_links":{"self":[{"href":"https:\/\/dunn-lwa.com\/es\/wp-json\/wp\/v2\/product\/871","targetHints":{"allow":["GET"]}}],"collection":[{"href":"https:\/\/dunn-lwa.com\/es\/wp-json\/wp\/v2\/product"}],"about":[{"href":"https:\/\/dunn-lwa.com\/es\/wp-json\/wp\/v2\/types\/product"}],"replies":[{"embeddable":true,"href":"https:\/\/dunn-lwa.com\/es\/wp-json\/wp\/v2\/comments?post=871"}],"wp:featuredmedia":[{"embeddable":true,"href":"https:\/\/dunn-lwa.com\/es\/wp-json\/wp\/v2\/media\/876"}],"wp:attachment":[{"href":"https:\/\/dunn-lwa.com\/es\/wp-json\/wp\/v2\/media?parent=871"}],"wp:term":[{"taxonomy":"product_brand","embeddable":true,"href":"https:\/\/dunn-lwa.com\/es\/wp-json\/wp\/v2\/product_brand?post=871"},{"taxonomy":"product_cat","embeddable":true,"href":"https:\/\/dunn-lwa.com\/es\/wp-json\/wp\/v2\/product_cat?post=871"},{"taxonomy":"product_tag","embeddable":true,"href":"https:\/\/dunn-lwa.com\/es\/wp-json\/wp\/v2\/product_tag?post=871"}],"curies":[{"name":"wp","href":"https:\/\/api.w.org\/{rel}","templated":true}]}}