{"id":880,"date":"2024-11-05T14:35:52","date_gmt":"2024-11-05T14:35:52","guid":{"rendered":"https:\/\/dunn-lwa.com\/?post_type=product&#038;p=880"},"modified":"2024-11-05T14:37:04","modified_gmt":"2024-11-05T14:37:04","slug":"hangar","status":"publish","type":"product","link":"https:\/\/dunn-lwa.com\/es\/producto\/hangar\/","title":{"rendered":"Hangar"},"content":{"rendered":"<p>Las puertas de los hangares a menudo presentan desaf\u00edos para las operaciones diarias. Para abordar esto, desarrollamos un sistema de rieles con puertas ultraligeras de marco de PVC que permiten que una sola persona opere la puerta. Aprovechando la translucidez del material, este dise\u00f1o permite el uso del hangar durante el d\u00eda sin necesidad de iluminaci\u00f3n adicional, ofreciendo una soluci\u00f3n econ\u00f3mica e inteligente.<\/p>","protected":false},"excerpt":{"rendered":"<p>Hangar doors often pose challenges for daily operations. To address this, we developed a rail system with PVC frame ultra-light doors that allows a single person to operate the door. [&hellip;]<\/p>\n","protected":false},"featured_media":882,"comment_status":"closed","ping_status":"closed","template":"","meta":[],"product_brand":[],"product_cat":[16],"product_tag":[],"class_list":{"0":"post-880","1":"product","2":"type-product","3":"status-publish","4":"has-post-thumbnail","6":"product_cat-sin-categorizar","7":"post","8":"post-with-thumbnail","9":"post-with-thumbnail-icon","11":"first","12":"instock","13":"shipping-taxable","14":"product-type-simple"},"_links":{"self":[{"href":"https:\/\/dunn-lwa.com\/es\/wp-json\/wp\/v2\/product\/880","targetHints":{"allow":["GET"]}}],"collection":[{"href":"https:\/\/dunn-lwa.com\/es\/wp-json\/wp\/v2\/product"}],"about":[{"href":"https:\/\/dunn-lwa.com\/es\/wp-json\/wp\/v2\/types\/product"}],"replies":[{"embeddable":true,"href":"https:\/\/dunn-lwa.com\/es\/wp-json\/wp\/v2\/comments?post=880"}],"wp:featuredmedia":[{"embeddable":true,"href":"https:\/\/dunn-lwa.com\/es\/wp-json\/wp\/v2\/media\/882"}],"wp:attachment":[{"href":"https:\/\/dunn-lwa.com\/es\/wp-json\/wp\/v2\/media?parent=880"}],"wp:term":[{"taxonomy":"product_brand","embeddable":true,"href":"https:\/\/dunn-lwa.com\/es\/wp-json\/wp\/v2\/product_brand?post=880"},{"taxonomy":"product_cat","embeddable":true,"href":"https:\/\/dunn-lwa.com\/es\/wp-json\/wp\/v2\/product_cat?post=880"},{"taxonomy":"product_tag","embeddable":true,"href":"https:\/\/dunn-lwa.com\/es\/wp-json\/wp\/v2\/product_tag?post=880"}],"curies":[{"name":"wp","href":"https:\/\/api.w.org\/{rel}","templated":true}]}}