{"id":884,"date":"2024-11-05T14:37:21","date_gmt":"2024-11-05T14:37:21","guid":{"rendered":"https:\/\/dunn-lwa.com\/?post_type=product&#038;p=884"},"modified":"2024-11-06T17:43:29","modified_gmt":"2024-11-06T17:43:29","slug":"la-jabonera","status":"publish","type":"product","link":"https:\/\/dunn-lwa.com\/es\/producto\/la-jabonera\/","title":{"rendered":"La Jabonera"},"content":{"rendered":"<p>El gobierno de Durango rehabilit\u00f3 una antigua f\u00e1brica de jab\u00f3n para transformarla en un espacio comunitario que incluye un parque tem\u00e1tico y deportivo llamado \"Parque la Jabonera\". Para cubrir dos \u00e1reas espec\u00edficas \u2014las canchas de baloncesto y f\u00fatbol\u2014 se dise\u00f1\u00f3 una membrana creativa e innovadora. Este material fue elegido por su durabilidad, manejabilidad y protecci\u00f3n contra los rayos UV. Cubri\u00f3 de manera efectiva 3,000 m\u00b2 de las canchas con una estructura tridimensional que comprende cuatro arcos con inclinaciones variables para crear una apariencia din\u00e1mica.<\/p>","protected":false},"excerpt":{"rendered":"<p>The government of Durango rehabilitated an old soap factory to transform it into a community space featuring a themed and sports park named \u201cParque la Jabonera.\u201d To cover two specific [&hellip;]<\/p>\n","protected":false},"featured_media":890,"comment_status":"closed","ping_status":"closed","template":"","meta":[],"product_brand":[],"product_cat":[16],"product_tag":[],"class_list":{"0":"post-884","1":"product","2":"type-product","3":"status-publish","4":"has-post-thumbnail","6":"product_cat-sin-categorizar","7":"post","8":"post-with-thumbnail","9":"post-with-thumbnail-icon","11":"first","12":"instock","13":"shipping-taxable","14":"product-type-simple"},"_links":{"self":[{"href":"https:\/\/dunn-lwa.com\/es\/wp-json\/wp\/v2\/product\/884","targetHints":{"allow":["GET"]}}],"collection":[{"href":"https:\/\/dunn-lwa.com\/es\/wp-json\/wp\/v2\/product"}],"about":[{"href":"https:\/\/dunn-lwa.com\/es\/wp-json\/wp\/v2\/types\/product"}],"replies":[{"embeddable":true,"href":"https:\/\/dunn-lwa.com\/es\/wp-json\/wp\/v2\/comments?post=884"}],"wp:featuredmedia":[{"embeddable":true,"href":"https:\/\/dunn-lwa.com\/es\/wp-json\/wp\/v2\/media\/890"}],"wp:attachment":[{"href":"https:\/\/dunn-lwa.com\/es\/wp-json\/wp\/v2\/media?parent=884"}],"wp:term":[{"taxonomy":"product_brand","embeddable":true,"href":"https:\/\/dunn-lwa.com\/es\/wp-json\/wp\/v2\/product_brand?post=884"},{"taxonomy":"product_cat","embeddable":true,"href":"https:\/\/dunn-lwa.com\/es\/wp-json\/wp\/v2\/product_cat?post=884"},{"taxonomy":"product_tag","embeddable":true,"href":"https:\/\/dunn-lwa.com\/es\/wp-json\/wp\/v2\/product_tag?post=884"}],"curies":[{"name":"wp","href":"https:\/\/api.w.org\/{rel}","templated":true}]}}