{"id":892,"date":"2024-11-05T14:39:21","date_gmt":"2024-11-05T14:39:21","guid":{"rendered":"https:\/\/dunn-lwa.com\/?post_type=product&#038;p=892"},"modified":"2024-11-05T14:41:28","modified_gmt":"2024-11-05T14:41:28","slug":"colegio-subire","status":"publish","type":"product","link":"https:\/\/dunn-lwa.com\/es\/producto\/colegio-subire\/","title":{"rendered":"Colegio Subire"},"content":{"rendered":"<p>La escuela solicit\u00f3 una membrana para cubrir seis canchas de baloncesto con una estructura dise\u00f1ada para usos vers\u00e1tiles, incluyendo reuniones de padres, festivales y torneos. Para lograrlo, se propuso el material 1202 S2, un material ligero y resistente a la intemperie. Esta soluci\u00f3n cubre 2,400 m\u00b2 sin necesidad de columnas intermedias, ofreciendo sombra y una excelente ventilaci\u00f3n para garantizar la comodidad durante las actividades escolares.<\/p>","protected":false},"excerpt":{"rendered":"<p>The School asked for a membrane to cover six basketball courts with a structure designed for versatile use, including parent meetings, festivals, and tournaments. To achieve this, 1202 S2, a [&hellip;]<\/p>\n","protected":false},"featured_media":896,"comment_status":"closed","ping_status":"closed","template":"","meta":[],"product_brand":[],"product_cat":[16],"product_tag":[],"class_list":{"0":"post-892","1":"product","2":"type-product","3":"status-publish","4":"has-post-thumbnail","6":"product_cat-sin-categorizar","7":"post","8":"post-with-thumbnail","9":"post-with-thumbnail-icon","11":"first","12":"instock","13":"shipping-taxable","14":"product-type-simple"},"_links":{"self":[{"href":"https:\/\/dunn-lwa.com\/es\/wp-json\/wp\/v2\/product\/892","targetHints":{"allow":["GET"]}}],"collection":[{"href":"https:\/\/dunn-lwa.com\/es\/wp-json\/wp\/v2\/product"}],"about":[{"href":"https:\/\/dunn-lwa.com\/es\/wp-json\/wp\/v2\/types\/product"}],"replies":[{"embeddable":true,"href":"https:\/\/dunn-lwa.com\/es\/wp-json\/wp\/v2\/comments?post=892"}],"wp:featuredmedia":[{"embeddable":true,"href":"https:\/\/dunn-lwa.com\/es\/wp-json\/wp\/v2\/media\/896"}],"wp:attachment":[{"href":"https:\/\/dunn-lwa.com\/es\/wp-json\/wp\/v2\/media?parent=892"}],"wp:term":[{"taxonomy":"product_brand","embeddable":true,"href":"https:\/\/dunn-lwa.com\/es\/wp-json\/wp\/v2\/product_brand?post=892"},{"taxonomy":"product_cat","embeddable":true,"href":"https:\/\/dunn-lwa.com\/es\/wp-json\/wp\/v2\/product_cat?post=892"},{"taxonomy":"product_tag","embeddable":true,"href":"https:\/\/dunn-lwa.com\/es\/wp-json\/wp\/v2\/product_tag?post=892"}],"curies":[{"name":"wp","href":"https:\/\/api.w.org\/{rel}","templated":true}]}}