{"id":904,"date":"2024-11-05T14:43:17","date_gmt":"2024-11-05T14:43:17","guid":{"rendered":"https:\/\/dunn-lwa.com\/?post_type=product&#038;p=904"},"modified":"2024-11-05T17:17:41","modified_gmt":"2024-11-05T17:17:41","slug":"estadio-andres-mena","status":"publish","type":"product","link":"https:\/\/dunn-lwa.com\/es\/producto\/estadio-andres-mena\/","title":{"rendered":"Estadio Andres Mena"},"content":{"rendered":"<p>Este techo de estadio fue dise\u00f1ado, fabricado e instalado por nosotros. Como la lluvia no es una consideraci\u00f3n importante para esta \u00e1rea, el dise\u00f1o propuesto es fuera de lo com\u00fan, ya que la inclinaci\u00f3n del techo es negativa, proporcionando m\u00e1s sombra a todos los espectadores al acercar el techo a ellos. Utilizamos esta experiencia como un programa piloto para capacitar a nuestro equipo de instalaci\u00f3n, que luego fue enviado a los proyectos en Qatar. Las condiciones del desierto y el clima en esta regi\u00f3n de M\u00e9xico son muy similares, por lo que nuestro equipo tuvo una excelente preparaci\u00f3n para el siguiente desaf\u00edo. <\/p>","protected":false},"excerpt":{"rendered":"<p>This stadium roof was designed, fabricated, and installed by us.Since rain is not an important consideration for this area, the proposed design is out of the ordinary since the inclination [&hellip;]<\/p>\n","protected":false},"featured_media":909,"comment_status":"closed","ping_status":"closed","template":"","meta":[],"product_brand":[],"product_cat":[16],"product_tag":[],"class_list":{"0":"post-904","1":"product","2":"type-product","3":"status-publish","4":"has-post-thumbnail","6":"product_cat-sin-categorizar","7":"post","8":"post-with-thumbnail","9":"post-with-thumbnail-icon","11":"first","12":"instock","13":"shipping-taxable","14":"product-type-simple"},"_links":{"self":[{"href":"https:\/\/dunn-lwa.com\/es\/wp-json\/wp\/v2\/product\/904","targetHints":{"allow":["GET"]}}],"collection":[{"href":"https:\/\/dunn-lwa.com\/es\/wp-json\/wp\/v2\/product"}],"about":[{"href":"https:\/\/dunn-lwa.com\/es\/wp-json\/wp\/v2\/types\/product"}],"replies":[{"embeddable":true,"href":"https:\/\/dunn-lwa.com\/es\/wp-json\/wp\/v2\/comments?post=904"}],"wp:featuredmedia":[{"embeddable":true,"href":"https:\/\/dunn-lwa.com\/es\/wp-json\/wp\/v2\/media\/909"}],"wp:attachment":[{"href":"https:\/\/dunn-lwa.com\/es\/wp-json\/wp\/v2\/media?parent=904"}],"wp:term":[{"taxonomy":"product_brand","embeddable":true,"href":"https:\/\/dunn-lwa.com\/es\/wp-json\/wp\/v2\/product_brand?post=904"},{"taxonomy":"product_cat","embeddable":true,"href":"https:\/\/dunn-lwa.com\/es\/wp-json\/wp\/v2\/product_cat?post=904"},{"taxonomy":"product_tag","embeddable":true,"href":"https:\/\/dunn-lwa.com\/es\/wp-json\/wp\/v2\/product_tag?post=904"}],"curies":[{"name":"wp","href":"https:\/\/api.w.org\/{rel}","templated":true}]}}