{"id":912,"date":"2024-11-05T14:44:49","date_gmt":"2024-11-05T14:44:49","guid":{"rendered":"https:\/\/dunn-lwa.com\/?post_type=product&#038;p=912"},"modified":"2024-11-05T17:17:15","modified_gmt":"2024-11-05T17:17:15","slug":"estadio-independencia","status":"publish","type":"product","link":"https:\/\/dunn-lwa.com\/es\/producto\/estadio-independencia\/","title":{"rendered":"Estadio Independencia"},"content":{"rendered":"<p>El Estadio Independencia es un estadio de usos m\u00faltiples en Estel\u00ed, Nicaragua. Es el estadio local del Real Estel\u00ed y tiene capacidad para 5,000 espectadores. El estadio ha sido renovado y equipado con un nuevo techo para los partidos internacionales. El dise\u00f1o de la cubierta se realiz\u00f3 para proteger de la lluvia y el calor en este clima tropical.<\/p>","protected":false},"excerpt":{"rendered":"<p>Estadio Independencia is a multi-use stadium in Estel\u00ed, Nicaragua. It is the home stadium of Real Estel\u00ed and holds 5,000 spectators. The stadium has been renovated and equipped with a [&hellip;]<\/p>\n","protected":false},"featured_media":913,"comment_status":"closed","ping_status":"closed","template":"","meta":[],"product_brand":[],"product_cat":[16],"product_tag":[],"class_list":{"0":"post-912","1":"product","2":"type-product","3":"status-publish","4":"has-post-thumbnail","6":"product_cat-sin-categorizar","7":"post","8":"post-with-thumbnail","9":"post-with-thumbnail-icon","11":"first","12":"instock","13":"shipping-taxable","14":"product-type-simple"},"_links":{"self":[{"href":"https:\/\/dunn-lwa.com\/es\/wp-json\/wp\/v2\/product\/912","targetHints":{"allow":["GET"]}}],"collection":[{"href":"https:\/\/dunn-lwa.com\/es\/wp-json\/wp\/v2\/product"}],"about":[{"href":"https:\/\/dunn-lwa.com\/es\/wp-json\/wp\/v2\/types\/product"}],"replies":[{"embeddable":true,"href":"https:\/\/dunn-lwa.com\/es\/wp-json\/wp\/v2\/comments?post=912"}],"wp:featuredmedia":[{"embeddable":true,"href":"https:\/\/dunn-lwa.com\/es\/wp-json\/wp\/v2\/media\/913"}],"wp:attachment":[{"href":"https:\/\/dunn-lwa.com\/es\/wp-json\/wp\/v2\/media?parent=912"}],"wp:term":[{"taxonomy":"product_brand","embeddable":true,"href":"https:\/\/dunn-lwa.com\/es\/wp-json\/wp\/v2\/product_brand?post=912"},{"taxonomy":"product_cat","embeddable":true,"href":"https:\/\/dunn-lwa.com\/es\/wp-json\/wp\/v2\/product_cat?post=912"},{"taxonomy":"product_tag","embeddable":true,"href":"https:\/\/dunn-lwa.com\/es\/wp-json\/wp\/v2\/product_tag?post=912"}],"curies":[{"name":"wp","href":"https:\/\/api.w.org\/{rel}","templated":true}]}}