{"id":924,"date":"2024-11-05T14:46:48","date_gmt":"2024-11-05T14:46:48","guid":{"rendered":"https:\/\/dunn-lwa.com\/?post_type=product&#038;p=924"},"modified":"2024-11-08T13:39:19","modified_gmt":"2024-11-08T13:39:19","slug":"foro-cometa","status":"publish","type":"product","link":"https:\/\/dunn-lwa.com\/es\/producto\/foro-cometa\/","title":{"rendered":"Foro Cometa"},"content":{"rendered":"<p>Foro Cometa, ubicado en el \"Parque de las Ni\u00f1as y los Ni\u00f1os\" en Zapopan, Jalisco, es un prestigioso proyecto encargado por el Ayuntamiento. Este vibrante espacio, dise\u00f1ado para eventos comunitarios como danza, teatro y m\u00fasica, abarca 1,746 metros cuadrados e incluye un escenario, camerinos y asientos para 440 personas. El proyecto cuenta con una duradera membrana de PVC que cubre 661.15 metros cuadrados, sostenida por una robusta estructura met\u00e1lica de tubos y placas de acero de alta calidad, garantizando resistencia y durabilidad. Con un cuidadoso enfoque en la eficiencia de materiales y la reducci\u00f3n de desechos, el dise\u00f1o se integra perfectamente con el parque mientras involucra a la comunidad, como lo demuestra su nombre, elegido por votaci\u00f3n de 600 ni\u00f1os locales. Adem\u00e1s, el recinto cuenta con modernos sistemas de audio e iluminaci\u00f3n, mejorando su funcionalidad para diversas presentaciones.<\/p>","protected":false},"excerpt":{"rendered":"<p>Foro Cometa, located in the \u201cParque de las Ni\u00f1as y los Ni\u00f1os\u201d in Zapopan, Jalisco, is a prestigious project commissioned by the City Council. This vibrant venue, designed for community [&hellip;]<\/p>\n","protected":false},"featured_media":929,"comment_status":"closed","ping_status":"closed","template":"","meta":[],"product_brand":[],"product_cat":[16],"product_tag":[],"class_list":{"0":"post-924","1":"product","2":"type-product","3":"status-publish","4":"has-post-thumbnail","6":"product_cat-sin-categorizar","7":"post","8":"post-with-thumbnail","9":"post-with-thumbnail-icon","11":"first","12":"instock","13":"shipping-taxable","14":"product-type-simple"},"_links":{"self":[{"href":"https:\/\/dunn-lwa.com\/es\/wp-json\/wp\/v2\/product\/924","targetHints":{"allow":["GET"]}}],"collection":[{"href":"https:\/\/dunn-lwa.com\/es\/wp-json\/wp\/v2\/product"}],"about":[{"href":"https:\/\/dunn-lwa.com\/es\/wp-json\/wp\/v2\/types\/product"}],"replies":[{"embeddable":true,"href":"https:\/\/dunn-lwa.com\/es\/wp-json\/wp\/v2\/comments?post=924"}],"wp:featuredmedia":[{"embeddable":true,"href":"https:\/\/dunn-lwa.com\/es\/wp-json\/wp\/v2\/media\/929"}],"wp:attachment":[{"href":"https:\/\/dunn-lwa.com\/es\/wp-json\/wp\/v2\/media?parent=924"}],"wp:term":[{"taxonomy":"product_brand","embeddable":true,"href":"https:\/\/dunn-lwa.com\/es\/wp-json\/wp\/v2\/product_brand?post=924"},{"taxonomy":"product_cat","embeddable":true,"href":"https:\/\/dunn-lwa.com\/es\/wp-json\/wp\/v2\/product_cat?post=924"},{"taxonomy":"product_tag","embeddable":true,"href":"https:\/\/dunn-lwa.com\/es\/wp-json\/wp\/v2\/product_tag?post=924"}],"curies":[{"name":"wp","href":"https:\/\/api.w.org\/{rel}","templated":true}]}}