{"id":939,"date":"2024-11-05T14:53:37","date_gmt":"2024-11-05T14:53:37","guid":{"rendered":"https:\/\/dunn-lwa.com\/?post_type=product&#038;p=939"},"modified":"2024-11-05T14:55:06","modified_gmt":"2024-11-05T14:55:06","slug":"national-brewery","status":"publish","type":"product","link":"https:\/\/dunn-lwa.com\/es\/producto\/national-brewery\/","title":{"rendered":"National Brewery"},"content":{"rendered":"<p>SABMiller encarg\u00f3 el reemplazo de todas las cubiertas de metal en su instalaci\u00f3n de almacenamiento para mantener una temperatura m\u00e1s fresca en el \u00e1rea de almacenamiento de cerveza. Se llevaron a cabo pruebas exhaustivas en materiales de tela para asegurar la temperatura ideal para la cerveza almacenada, preservando su composici\u00f3n qu\u00edmica. La membrana arquitect\u00f3nica utilizada logr\u00f3 mantener la cerveza en perfectas condiciones mientras reduc\u00eda la temperatura promedio en 8 grados Celsius. Adem\u00e1s, la membrana permiti\u00f3 el paso de la luz natural, bloqueando los rayos UV perjudiciales.<\/p>","protected":false},"excerpt":{"rendered":"<p>SABMiller commissioned the replacement of all metal deck covers in their warehousing facility to maintain a cooler temperature in the beer storage area. Extensive tests were conducted on fabric materials [&hellip;]<\/p>\n","protected":false},"featured_media":942,"comment_status":"closed","ping_status":"closed","template":"","meta":[],"product_brand":[],"product_cat":[16],"product_tag":[],"class_list":{"0":"post-939","1":"product","2":"type-product","3":"status-publish","4":"has-post-thumbnail","6":"product_cat-sin-categorizar","7":"post","8":"post-with-thumbnail","9":"post-with-thumbnail-icon","11":"first","12":"instock","13":"shipping-taxable","14":"product-type-simple"},"_links":{"self":[{"href":"https:\/\/dunn-lwa.com\/es\/wp-json\/wp\/v2\/product\/939","targetHints":{"allow":["GET"]}}],"collection":[{"href":"https:\/\/dunn-lwa.com\/es\/wp-json\/wp\/v2\/product"}],"about":[{"href":"https:\/\/dunn-lwa.com\/es\/wp-json\/wp\/v2\/types\/product"}],"replies":[{"embeddable":true,"href":"https:\/\/dunn-lwa.com\/es\/wp-json\/wp\/v2\/comments?post=939"}],"wp:featuredmedia":[{"embeddable":true,"href":"https:\/\/dunn-lwa.com\/es\/wp-json\/wp\/v2\/media\/942"}],"wp:attachment":[{"href":"https:\/\/dunn-lwa.com\/es\/wp-json\/wp\/v2\/media?parent=939"}],"wp:term":[{"taxonomy":"product_brand","embeddable":true,"href":"https:\/\/dunn-lwa.com\/es\/wp-json\/wp\/v2\/product_brand?post=939"},{"taxonomy":"product_cat","embeddable":true,"href":"https:\/\/dunn-lwa.com\/es\/wp-json\/wp\/v2\/product_cat?post=939"},{"taxonomy":"product_tag","embeddable":true,"href":"https:\/\/dunn-lwa.com\/es\/wp-json\/wp\/v2\/product_tag?post=939"}],"curies":[{"name":"wp","href":"https:\/\/api.w.org\/{rel}","templated":true}]}}