{"id":943,"date":"2024-11-05T14:55:19","date_gmt":"2024-11-05T14:55:19","guid":{"rendered":"https:\/\/dunn-lwa.com\/?post_type=product&#038;p=943"},"modified":"2024-11-05T17:19:35","modified_gmt":"2024-11-05T17:19:35","slug":"francisco-villa-museum","status":"publish","type":"product","link":"https:\/\/dunn-lwa.com\/es\/producto\/francisco-villa-museum\/","title":{"rendered":"Museo Francisco Villa"},"content":{"rendered":"<p>El Museo Francisco Villa, un hermoso edificio protegido por el INAH, requer\u00eda que cualquier modificaci\u00f3n respetara la integridad de la estructura hist\u00f3rica. Para cubrir dos patios centrales dentro del museo, se dise\u00f1\u00f3 una estructura de m\u00e1stil volador muy ligera, anclada al edificio existente.<\/p>","protected":false},"excerpt":{"rendered":"<p>The Francisco Villa Museum, a beautifull building protected by the INAH, required that any modifications respect the integrity of the historical structure. To cover two central courtyards within the museum, [&hellip;]<\/p>\n","protected":false},"featured_media":945,"comment_status":"closed","ping_status":"closed","template":"","meta":[],"product_brand":[],"product_cat":[16],"product_tag":[],"class_list":{"0":"post-943","1":"product","2":"type-product","3":"status-publish","4":"has-post-thumbnail","6":"product_cat-sin-categorizar","7":"post","8":"post-with-thumbnail","9":"post-with-thumbnail-icon","11":"first","12":"instock","13":"shipping-taxable","14":"product-type-simple"},"_links":{"self":[{"href":"https:\/\/dunn-lwa.com\/es\/wp-json\/wp\/v2\/product\/943","targetHints":{"allow":["GET"]}}],"collection":[{"href":"https:\/\/dunn-lwa.com\/es\/wp-json\/wp\/v2\/product"}],"about":[{"href":"https:\/\/dunn-lwa.com\/es\/wp-json\/wp\/v2\/types\/product"}],"replies":[{"embeddable":true,"href":"https:\/\/dunn-lwa.com\/es\/wp-json\/wp\/v2\/comments?post=943"}],"wp:featuredmedia":[{"embeddable":true,"href":"https:\/\/dunn-lwa.com\/es\/wp-json\/wp\/v2\/media\/945"}],"wp:attachment":[{"href":"https:\/\/dunn-lwa.com\/es\/wp-json\/wp\/v2\/media?parent=943"}],"wp:term":[{"taxonomy":"product_brand","embeddable":true,"href":"https:\/\/dunn-lwa.com\/es\/wp-json\/wp\/v2\/product_brand?post=943"},{"taxonomy":"product_cat","embeddable":true,"href":"https:\/\/dunn-lwa.com\/es\/wp-json\/wp\/v2\/product_cat?post=943"},{"taxonomy":"product_tag","embeddable":true,"href":"https:\/\/dunn-lwa.com\/es\/wp-json\/wp\/v2\/product_tag?post=943"}],"curies":[{"name":"wp","href":"https:\/\/api.w.org\/{rel}","templated":true}]}}